{"id":215,"date":"2017-07-19T10:46:01","date_gmt":"2017-07-19T15:46:01","guid":{"rendered":"https:\/\/liquidstudiodev.com\/sanmartin-blueprint\/?page_id=215"},"modified":"2019-03-05T10:19:13","modified_gmt":"2019-03-05T16:19:13","slug":"prayer-and-life-workshop","status":"publish","type":"page","link":"https:\/\/liquidstudiodev.com\/sanmartin-blueprint\/ministries\/prayer-and-life-workshop\/","title":{"rendered":"Prayer and Life Workshop"},"content":{"rendered":"<p>The<b><strong>\u00a0Prayer and Life Workshop<\/strong><\/b>\u00a0is a method of evangelization that is fully based on the Bible. The Prayer and Life Workshops is a service to learn and deepen in the art of prayer. WE will learn how to enter step by step into a personal relationship with the Lord, by focusing our affective and unitive attention on Him, in faith and in love.<\/p>\n<p>The Prayer and Life Workshops dates back to 1984. Its founder is Fr. Ignacio Larra\u00f1aga, a Franciscan Capuchin priest from Spain. During the past 30 years, he has evangelized in Latin America, North America and Europe, conveying a picture of Jesus and the Love of God with remarkable and powerful clarity.<\/p>\n<p><i><em><b><strong>Would you like to know how to go about seeking God in prayer and what happens when you do?<\/strong><\/b><\/em><\/i><\/p>\n<p>Prayer and Life Workshops is Vatican approved and is being taught in over 40 countries. . It is offered twice a year at no cost in early spring and early fall, For more information and actual dates, please contact Paty C. Ordu\u00f1a at 956-206-4142.<\/p>\n<p>The Prayer and Life Workshops are available in Spanish as well.<\/p>\n<h2>Talleres de Oraci\u00f3n y Vida<\/h2>\n<p>Talleres de Oraci\u00f3n y Vida es un m\u00e9todo de evangelizaci\u00f3n que est\u00e1 \u00edntegramente basado en la Biblia. El eje de cada una de las 15 Sesiones es la lectura y meditaci\u00f3n de la Palabra. Para todos los d\u00edas de la semana, durante cuatro meses, se les se\u00f1ala a los participantes textos del Antiguo y Nuevo Testamento para meditarlos y rezarlos en sus casas, con una pedagog\u00eda especial, con un maravilloso instrumento que se llama Peque\u00f1a Pedagog\u00eda para meditar y vivir la Palabra.\u00a0Se ofrece dos veces al a\u00f1o la primavera y principios del oto\u00f1o. Un d\u00eda de la semana de 7:00pm a 9:00pm. Para m\u00e1s informaci\u00f3n y fechas reales, p\u00f3ngase en contacto con Paty C. Ordu\u00f1a at 956-206-4142.<\/p>\n<p>Please visit\u00a0<b><strong>PLW<\/strong><\/b>\u00a0website for more information :\u00a0<a href=\"http:\/\/www.tovpil.org\/\">http:\/\/www.tovpil.org\/<\/a><\/p>\n","protected":false},"excerpt":{"rendered":"<p>The\u00a0Prayer and Life Workshop\u00a0is a method of evangelization that is fully based on the Bible. The Prayer and Life Workshops is a service to learn and deepen in the art of prayer. WE will learn how to enter step by step into a personal relationship with the Lord, by focusing our affective and unitive attention [&hellip;]<\/p>\n","protected":false},"author":17,"featured_media":0,"parent":6,"menu_order":7,"comment_status":"closed","ping_status":"closed","template":"","meta":{"_acf_changed":false,"footnotes":""},"class_list":["post-215","page","type-page","status-publish","hentry"],"acf":[],"_links":{"self":[{"href":"https:\/\/liquidstudiodev.com\/sanmartin-blueprint\/wp-json\/wp\/v2\/pages\/215","targetHints":{"allow":["GET"]}}],"collection":[{"href":"https:\/\/liquidstudiodev.com\/sanmartin-blueprint\/wp-json\/wp\/v2\/pages"}],"about":[{"href":"https:\/\/liquidstudiodev.com\/sanmartin-blueprint\/wp-json\/wp\/v2\/types\/page"}],"author":[{"embeddable":true,"href":"https:\/\/liquidstudiodev.com\/sanmartin-blueprint\/wp-json\/wp\/v2\/users\/17"}],"replies":[{"embeddable":true,"href":"https:\/\/liquidstudiodev.com\/sanmartin-blueprint\/wp-json\/wp\/v2\/comments?post=215"}],"version-history":[{"count":6,"href":"https:\/\/liquidstudiodev.com\/sanmartin-blueprint\/wp-json\/wp\/v2\/pages\/215\/revisions"}],"predecessor-version":[{"id":1003,"href":"https:\/\/liquidstudiodev.com\/sanmartin-blueprint\/wp-json\/wp\/v2\/pages\/215\/revisions\/1003"}],"up":[{"embeddable":true,"href":"https:\/\/liquidstudiodev.com\/sanmartin-blueprint\/wp-json\/wp\/v2\/pages\/6"}],"wp:attachment":[{"href":"https:\/\/liquidstudiodev.com\/sanmartin-blueprint\/wp-json\/wp\/v2\/media?parent=215"}],"curies":[{"name":"wp","href":"https:\/\/api.w.org\/{rel}","templated":true}]}}